{"id":7058,"date":"2022-12-27T21:01:36","date_gmt":"2022-12-27T20:01:36","guid":{"rendered":"https:\/\/trasorka.com\/uvjeti-i-odredbe-rezervacije\/"},"modified":"2022-12-29T02:01:31","modified_gmt":"2022-12-29T01:01:31","slug":"uvjeti-i-odredbe-rezervacije","status":"publish","type":"page","link":"https:\/\/trasorka.com\/de\/uvjeti-i-odredbe-rezervacije\/","title":{"rendered":"Uvjeti i odredbe rezervacije"},"content":{"rendered":"<div class=\"fusion-fullwidth fullwidth-box fusion-builder-row-1 fusion-flex-container has-pattern-background has-mask-background nonhundred-percent-fullwidth non-hundred-percent-height-scrolling\" style=\"--awb-border-radius-top-left:0px;--awb-border-radius-top-right:0px;--awb-border-radius-bottom-right:0px;--awb-border-radius-bottom-left:0px;--awb-padding-right:3.5%;--awb-padding-left:3.5%;--awb-flex-wrap:wrap;\" ><div class=\"fusion-builder-row fusion-row fusion-flex-align-items-flex-start fusion-flex-justify-content-center fusion-flex-content-wrap\" style=\"max-width:1500px;margin-left: calc(-0% \/ 2 );margin-right: calc(-0% \/ 2 );\"><div class=\"fusion-layout-column fusion_builder_column fusion-builder-column-0 fusion_builder_column_1_1 1_1 fusion-flex-column\" style=\"--awb-bg-position:center center;--awb-bg-size:cover;--awb-width-large:100%;--awb-margin-top-large:2%;--awb-spacing-right-large:0%;--awb-margin-bottom-large:4%;--awb-spacing-left-large:0%;--awb-width-medium:100%;--awb-order-medium:0;--awb-spacing-right-medium:0%;--awb-spacing-left-medium:0%;--awb-width-small:100%;--awb-order-small:0;--awb-spacing-right-small:0%;--awb-spacing-left-small:0%;\"><div class=\"fusion-column-wrapper fusion-column-has-shadow fusion-flex-justify-content-flex-start fusion-content-layout-column\"><div class=\"fusion-text fusion-text-1\"><h2 class=\"p1\" style=\"text-align: center;\">UVJETI I ODREDBE REZERVACIJE<\/h2>\n<h5><\/h5>\n<h5 class=\"p1\">Rezervacija<\/h5>\n<ul>\n<li><span class=\"s1\">Rezervacije mo\u017eete izvr\u0161iti online na na\u0161oj <a href=\"http:\/\/trasorka.com\/de\/\"><span class=\"s2\">internet stranici,<\/span><\/a> slanjem upita s na\u0161e internet stranice ili slanjem direktnog upita putem e-maila.<\/span><\/li>\n<\/ul>\n<ul>\n<li><span class=\"s1\"><span class=\"s1\">TRASORKA svojim gostima nudi mogu\u0107nost odabira to\u010dnog broja smje\u0161tajnih jedinica prema njihovim potrebama. Sve informacije o to\u010dnoj poziciji, dimenzijama, osun\u010danosti i fotografije pojedine smje\u0161tajne jedinice mo\u017eete prona\u0107i na <a href=\"http:\/\/trasorka.com\/de\/\"><span class=\"s2\">Internet Stranici<\/span><\/a> .<\/span><\/span><\/li>\n<\/ul>\n<ul>\n<li><span class=\"s1\"><span class=\"s1\">Nakon \u0161to po\u0161aljete upit, poslat \u0107emo vam e-mail s ponudom rezervacije koja sadr\u017ei sljede\u0107e podatke: razdoblje boravka i broj smje\u0161tajne jedinice, rezervirane usluge, ukupnu cijenu, podatke potrebne za uplatu akontacije i uvjete otkaza rezervacije. . Rok valjanosti ponude naveden je u ponudi. U slu\u010daju da ne dobijemo potvrdu o uplati akontacije u navedenom roku, rezervacija \u0107e automatski biti otkazana, a TRASORKA ne\u0107e biti du\u017ena obavijestiti gosta o otkazivanju ponude.<\/span><\/span><\/li>\n<\/ul>\n<ul>\n<li><span class=\"s1\"><span class=\"s1\">Za potvrdu rezervacije potrebno je uplatiti tra\u017eeni iznos akontacije (30% od ukupnog iznosa). Nakon zavr\u0161etka pru\u017eanja usluga, one \u0107e biti odbijene od ukupnog ra\u010duna. Molimo Vas da prilikom uplate akontacije pod opis pla\u0107anja navedete naziv kampa za koji upla\u0107ujete akontaciju i broj rezervacije (na\u0107i \u0107ete ga u ponudi).<\/span><\/span><\/li>\n<\/ul>\n<ul>\n<li><span class=\"s1\"><span class=\"s1\">Akontaciju mo\u017eete uplatiti virmanom na na\u0161 ra\u010dun (podaci za uplatu navedeni su u ponudi). Bankovni prijenosi ponekad traju nekoliko dana pa nam po\u0161aljite potvrdu pla\u0107anja kada izvr\u0161ite uplatu kako bismo mogli produ\u017eiti trajanje ponude.<\/span><\/span><\/li>\n<\/ul>\n<ul>\n<li><span class=\"s1\"><span class=\"s1\">Nakon \u0161to uplata akontacije bude dozna\u010dena na na\u0161 ra\u010dun, poslat \u0107emo vam potvrdu rezervacije. Kada stignete, morat \u0107ete ga predo\u010diti na recepciji zajedno s va\u017ee\u0107im identifikacijskim dokumentima.<\/span><\/span><\/li>\n<\/ul>\n<ul>\n<li><span class=\"s1\"><span class=\"s1\">U slu\u010daju da \u017eelite promijeniti ili otkazati svoju rezervaciju, kontaktirajte nas na <a href=\"mailto:booking@trasorka.com\"><span class=\"s2\">booking@trasorka.com<\/span><\/a> .<\/span><\/span><\/li>\n<\/ul>\n<ul>\n<li><span class=\"s1\"><span class=\"s1\">Polog se vra\u0107a do 14 dana prije datuma dolaska.<\/span><\/span><\/li>\n<\/ul>\n<ul>\n<li><span class=\"s1\"><span class=\"s1\">Rezervacija vrijedi isklju\u010divo za gosta \u010dije je ime navedeno na rezervaciji. Promjene nositelja rezervacije mogu se izvr\u0161iti samo prije dolaska (prema dogovoru s prodajnim odjelom ili recepcijom kako bi se promjene unijele u sustav). Prijenos rezervacije smje\u0161taja na drugu osobu tijekom boravka nije mogu\u0107.<\/span><\/span><\/li>\n<\/ul>\n<ul>\n<li><span class=\"s1\"><span class=\"s1\">Maksimalan broj osoba koje borave je s djecom. Minimalan broj osoba je 1, ali cijena je ista.<\/span><\/span><\/li>\n<\/ul>\n<ul>\n<li><span class=\"s1\">Kona\u010dni obra\u010dun izvr\u0161enih usluga vr\u0161i se na recepciji prije dolaska.<\/span><\/li>\n<\/ul>\n<h5><\/h5>\n<h5 class=\"p5\">Dolazak i odlazak<\/h5>\n<ul class=\"ol1\">\n<li class=\"li2\"><span class=\"s1\"> Tijekom sezone dolasci i odlasci mogu\u0107i su bilo kojim danom.<\/span><\/li>\n<\/ul>\n<ul class=\"ol1\">\n<li class=\"li2\"><span class=\"s1\">Minimalni boravak u sezoni je 7 dana za vile i ku\u0107e, <\/span><\/li>\n<\/ul>\n<ul class=\"ol1\">\n<li class=\"li2\"><span class=\"s1\">Der Minimal Boravak tijekom sezone je 1 dan za glamping \u0161atore i mobilne ku\u0107ice, ali dobivate 50% popusta za 2 ili vi\u0161e dana.<\/span><\/li>\n<\/ul>\n<ul class=\"ol1\">\n<li class=\"li2\"><span class=\"s1\">Rezervirani smje\u0161taj je dostupan od 15:00 sati na dan dolaska. Molimo provjerite inventar prilikom preuzimanja smje\u0161taja. <\/span><\/li>\n<\/ul>\n<ul class=\"ol1\">\n<li class=\"li2\"><span class=\"s1\">Prilikom odlaska gost je du\u017ean napustiti mobilnu ku\u0107icu i odjaviti se na recepciji najkasnije do 10:00 sati. U suprotnom, kamp ima pravo naplatiti dodatni dan.<\/span><\/li>\n<\/ul>\n<ul class=\"ol1\">\n<li class=\"li2\"><span class=\"s1\">Na dan dolaska smje\u0161tajnu jedinicu zadr\u017eavamo do pono\u0107i. U slu\u010daju da kasnite na dolazak, javite se recepciji kampa najkasnije do 20:00 sati za predvi\u0111eni dan dolaska.<\/span><\/li>\n<\/ul>\n<ul class=\"ol1\">\n<li class=\"li2\"><b><\/b><span class=\"s1\"><b>U slu\u010daju ranijeg odlaska, gost je du\u017ean platiti cijenu smje\u0161tajne jedinice do rezerviranog dana odlaska. <\/b><\/span><\/li>\n<\/ul>\n<h5><\/h5>\n<h5 class=\"p5\">Otkazivanje rezervacije<\/h5>\n<ul class=\"ol1\">\n<li class=\"li2\"><span class=\"s1\">U slu\u010daju otkazivanja rezervacije primjenjivat \u0107e se sljede\u0107i uvjeti:<\/span><\/li>\n<\/ul>\n<ul class=\"ol1\">\n<li class=\"li2\"><span class=\"s1\">Otkazivanje rezervacije vi\u0161e od 14 dana prije dolaska - gostu se vra\u0107a puni iznos akontacije <\/span><\/li>\n<\/ul>\n<ul class=\"ol1\">\n<li class=\"li2\"><span class=\"s1\">Otkazivanje rezervacije manje od 14 dana prije dolaska - Trasorka zadr\u017eava cjelokupni iznos akontacije <\/span><\/li>\n<li class=\"li6\"><span class=\"s1\"><span class=\"s1\">Za povrat upla\u0107ene akontacije gost je du\u017ean dostaviti sljede\u0107e podatke: puno ime i prezime osobe koja je izvr\u0161ila uplatu, punu adresu, naziv banke, IBAN i SWIFT kod.<\/span><\/span><\/li>\n<\/ul>\n<ul class=\"ol1\">\n<li><span class=\"s1\"><span class=\"s1\">Za sve dodatne informacije obratite se na\u0161em odjelu prodaje na e-mail adresu: <a href=\"mailto:nevena@trasorka.com\"><span class=\"s3\">nevena@trasorka.com<\/span><\/a> .<\/span><\/span><\/li>\n<\/ul>\n<ul class=\"ol1\">\n<li class=\"li2\"><span class=\"s1\">TRASORKA zadr\u017eava pravo odbiti, otkazati ili promijeniti rezervaciju ako je do\u0161lo do zlouporabe rezervacijskog sustava ili ako je do nje do\u0161lo o\u010ditom gre\u0161kom korisnika. <\/span><\/li>\n<\/ul>\n<\/div><\/div><\/div><\/div><\/div>","protected":false},"excerpt":{"rendered":"","protected":false},"author":1,"featured_media":1877,"parent":0,"menu_order":0,"comment_status":"closed","ping_status":"open","template":"","meta":{"_acf_changed":false,"_monsterinsights_skip_tracking":false,"_monsterinsights_sitenote_active":false,"_monsterinsights_sitenote_note":"","_monsterinsights_sitenote_category":0,"footnotes":""},"class_list":["post-7058","page","type-page","status-publish","has-post-thumbnail","hentry"],"acf":[],"aioseo_notices":[],"_links":{"self":[{"href":"https:\/\/trasorka.com\/de\/wp-json\/wp\/v2\/pages\/7058","targetHints":{"allow":["GET"]}}],"collection":[{"href":"https:\/\/trasorka.com\/de\/wp-json\/wp\/v2\/pages"}],"about":[{"href":"https:\/\/trasorka.com\/de\/wp-json\/wp\/v2\/types\/page"}],"author":[{"embeddable":true,"href":"https:\/\/trasorka.com\/de\/wp-json\/wp\/v2\/users\/1"}],"replies":[{"embeddable":true,"href":"https:\/\/trasorka.com\/de\/wp-json\/wp\/v2\/comments?post=7058"}],"version-history":[{"count":0,"href":"https:\/\/trasorka.com\/de\/wp-json\/wp\/v2\/pages\/7058\/revisions"}],"wp:featuredmedia":[{"embeddable":true,"href":"https:\/\/trasorka.com\/de\/wp-json\/wp\/v2\/media\/1877"}],"wp:attachment":[{"href":"https:\/\/trasorka.com\/de\/wp-json\/wp\/v2\/media?parent=7058"}],"curies":[{"name":"wp","href":"https:\/\/api.w.org\/{rel}","templated":true}]}}