{"id":7062,"date":"2022-12-27T21:01:36","date_gmt":"2022-12-27T20:01:36","guid":{"rendered":"https:\/\/trasorka.com\/buchungsbedingungen-und-konditionen\/"},"modified":"2022-12-29T02:03:45","modified_gmt":"2022-12-29T01:03:45","slug":"buchungsbedingungen-und-konditionen","status":"publish","type":"page","link":"https:\/\/trasorka.com\/hr\/buchungsbedingungen-und-konditionen\/","title":{"rendered":"Buchungsbedingungen und Konditionen"},"content":{"rendered":"<div class=\"fusion-fullwidth fullwidth-box fusion-builder-row-1 fusion-flex-container has-pattern-background has-mask-background nonhundred-percent-fullwidth non-hundred-percent-height-scrolling\" style=\"--awb-border-radius-top-left:0px;--awb-border-radius-top-right:0px;--awb-border-radius-bottom-right:0px;--awb-border-radius-bottom-left:0px;--awb-padding-right:3.5%;--awb-padding-left:3.5%;--awb-flex-wrap:wrap;\" ><div class=\"fusion-builder-row fusion-row fusion-flex-align-items-flex-start fusion-flex-justify-content-center fusion-flex-content-wrap\" style=\"max-width:1500px;margin-left: calc(-0% \/ 2 );margin-right: calc(-0% \/ 2 );\"><div class=\"fusion-layout-column fusion_builder_column fusion-builder-column-0 fusion_builder_column_1_1 1_1 fusion-flex-column\" style=\"--awb-bg-position:center center;--awb-bg-size:cover;--awb-width-large:100%;--awb-margin-top-large:2%;--awb-spacing-right-large:0%;--awb-margin-bottom-large:4%;--awb-spacing-left-large:0%;--awb-width-medium:100%;--awb-order-medium:0;--awb-spacing-right-medium:0%;--awb-spacing-left-medium:0%;--awb-width-small:100%;--awb-order-small:0;--awb-spacing-right-small:0%;--awb-spacing-left-small:0%;\"><div class=\"fusion-column-wrapper fusion-column-has-shadow fusion-flex-justify-content-flex-start fusion-content-layout-column\"><div class=\"fusion-text fusion-text-1\"><h2 class=\"p1\" style=\"text-align: center;\">BUCHUNGSBEDINGUNGEN UND KONDITIONEN<\/h2>\n<h5><\/h5>\n<h5 class=\"p1\">Buchung<\/h5>\n<ul>\n<li><span class=\"s1\">Buchungen k\u00f6nnen online auf unserer <a href=\"http:\/\/trasorka.com\/hr\/\"><br \/>\n<span class=\"s2\">Internet-Seite,<\/span><br \/>\n<\/a> durch Senden einer Anfrage von unserer Internetseite oder durch Senden einer direkten Anfrage per E-Mail.<\/span><\/li>\n<\/ul>\n<ul>\n<li><span class=\"s1\"><span class=\"s1\">TRASORKA bietet seinen G\u00e4sten die M\u00f6glichkeit, genau die Anzahl der Unterkunftseinheiten zu w\u00e4hlen, die ihren Bed\u00fcrfnissen entspricht. Alle Informationen \u00fcber die genaue Lage, die Abmessungen, die Sonneneinstrahlung und die Fotos der einzelnen Wohneinheiten finden Sie auf der Seite <a href=\"http:\/\/trasorka.com\/hr\/\"><br \/>\n<span class=\"s2\">Internet-Seite<\/span><br \/>\n<\/a>.<\/span><\/span><\/li>\n<\/ul>\n<ul>\n<li><span class=\"s1\"><span class=\"s1\">Nach dem Absenden Ihrer Anfrage erhalten Sie von uns per E-Mail ein Buchungsangebot, das folgende Informationen enth\u00e4lt: den Zeitraum Ihres Aufenthalts und die Nummer der Wohneinheit, die gebuchten Leistungen, den Gesamtpreis, die f\u00fcr die Vorauszahlung erforderlichen Angaben und die Stornierungsbedingungen der Buchung. Das Ablaufdatum des Angebots ist im Angebot angegeben. Falls wir keine Best\u00e4tigung \u00fcber die geleistete Vorauszahlung innerhalb der angegebenen Frist erhalten, wird die Buchung automatisch storniert und TRASORKA ist nicht verpflichtet, den Gast \u00fcber die Stornierung des Angebots zu informieren.<\/span><\/span><\/li>\n<\/ul>\n<ul>\n<li><span class=\"s1\"><span class=\"s1\">Um die Buchung zu best\u00e4tigen, muss die erforderliche Vorauszahlung geleistet werden (30% des Gesamtbetrags). Sobald die Erbringung der Dienstleistungen abgeschlossen ist, wird sie von der Gesamtrechnung abgezogen. Bei der Vorauszahlung geben Sie bitte den Namen des Camps, f\u00fcr das Sie die Vorauszahlung leisten, und die Buchungsnummer (Sie finden sie auf dem Angebot) unter dem Abschnitt Zahlungsbeschreibung an.<\/span><\/span><\/li>\n<\/ul>\n<ul>\n<li><span class=\"s1\"><span class=\"s1\">Sie k\u00f6nnen die Vorauszahlung per \u00dcberweisung auf unser Konto leisten (die Zahlungsinformationen finden Sie im Angebot). Bank\u00fcberweisungen brauchen manchmal mehrere Tage, um abgeschlossen zu werden. Bitte senden Sie uns die Zahlungsbest\u00e4tigung, sobald Sie bezahlt haben, damit wir die Laufzeit des Angebots verl\u00e4ngern k\u00f6nnen.<\/span><\/span><\/li>\n<\/ul>\n<ul>\n<li><span class=\"s1\"><span class=\"s1\">Sobald die Vorauszahlung auf unserem Konto eingegangen ist, senden wir Ihnen eine Buchungsbest\u00e4tigung. Bei Ihrer Ankunft m\u00fcssen Sie ihn zusammen mit einem g\u00fcltigen Ausweisdokument an der Rezeption vorlegen.<\/span><\/span><\/li>\n<\/ul>\n<ul>\n<li><span class=\"s1\"><span class=\"s1\">Falls Sie Ihre Buchung \u00e4ndern oder stornieren m\u00f6chten, kontaktieren Sie uns bitte unter <a href=\"mailto:booking@trasorka.com\"><br \/>\n<span class=\"s2\">booking@trasorka.com<\/span><br \/>\n<\/a>.<\/span><\/span><\/li>\n<\/ul>\n<ul>\n<li><span class=\"s1\"><span class=\"s1\">Die Kaution kann bis zu 14 Tage vor dem Anreisedatum zur\u00fcckerstattet werden.<\/span><\/span><\/li>\n<\/ul>\n<ul>\n<li><span class=\"s1\"><span class=\"s1\">Die Buchung ist ausschlie\u00dflich f\u00fcr den Gast g\u00fcltig, dessen Name auf der Buchung steht. \u00c4nderungen des Buchungstr\u00e4gers k\u00f6nnen nur vor der Ankunft vorgenommen werden (nach Absprache mit der Verkaufsabteilung oder der Rezeption, damit die \u00c4nderungen in das System eingegeben werden k\u00f6nnen). Die \u00dcbertragung einer Unterkunftsbuchung auf eine andere Person w\u00e4hrend des Aufenthalts ist nicht m\u00f6glich.<\/span><\/span><\/li>\n<\/ul>\n<ul>\n<li><span class=\"s1\"><span class=\"s1\">Die maximale Anzahl von Personen ist mit Kindern. Die Mindestanzahl der Personen ist 1, aber der Preis ist derselbe.<\/span><\/span><\/li>\n<\/ul>\n<ul>\n<li><span class=\"s1\">Die endg\u00fcltige Rechnung f\u00fcr die erbrachten Leistungen wird an der Rezeption vor der Ankunft erstellt.<\/span><\/li>\n<\/ul>\n<h5><\/h5>\n<h5 class=\"p5\">Ankunft und Abreise<\/h5>\n<ul class=\"ol1\">\n<li class=\"li2\"><span class=\"s1\"> W\u00e4hrend der Saison ist die An- und Abreise an jedem Tag m\u00f6glich.<\/span><\/li>\n<\/ul>\n<ul class=\"ol1\">\n<li class=\"li2\"><span class=\"s1\">Der Mindestaufenthalt w\u00e4hrend der Saison betr\u00e4gt 7 Tage f\u00fcr Villen und H\u00e4user, <\/span><\/li>\n<\/ul>\n<ul class=\"ol1\">\n<li class=\"li2\"><span class=\"s1\">Der Mindestaufenthalt w\u00e4hrend der Saison betr\u00e4gt 1 Tag f\u00fcr Glamping-Zelte und Mobilheime, aber Sie erhalten 50% Rabatt f\u00fcr 2 oder mehr Tage.<\/span><\/li>\n<\/ul>\n<ul class=\"ol1\">\n<li class=\"li2\"><span class=\"s1\">Gebuchte Unterk\u00fcnfte sind ab 15:00 Uhr am Tag der Ankunft verf\u00fcgbar. Bitte \u00fcberpr\u00fcfen Sie das Inventar bei der \u00dcbernahme der Unterkunft. <\/span><\/li>\n<\/ul>\n<ul class=\"ol1\">\n<li class=\"li2\"><span class=\"s1\">Bei der Abreise muss der Gast das Mobilheim verlassen und bis sp\u00e4testens 10:00 Uhr an der Rezeption auschecken. Andernfalls hat das Camp das Recht, einen zus\u00e4tzlichen Tag in Rechnung zu stellen.<\/span><\/li>\n<\/ul>\n<ul class=\"ol1\">\n<li class=\"li2\"><span class=\"s1\">Am Tag der Ankunft halten wir die Wohneinheit bis Mitternacht bereit. Sollten Sie versp\u00e4tet ankommen, wenden Sie sich bitte bis sp\u00e4testens 20:00 Uhr an die Rezeption des Camps, um den voraussichtlichen Ankunftstag zu erfahren.<\/span><\/li>\n<\/ul>\n<ul class=\"ol1\">\n<li class=\"li2\"><b><\/b><span class=\"s1\"><b>Im Falle einer fr\u00fcheren Abreise muss der Gast die Kosten f\u00fcr die Unterkunftseinheit bis zum gebuchten Abreisetag bezahlen. <\/b><\/span><\/li>\n<\/ul>\n<h5><\/h5>\n<h5 class=\"p5\">Stornierung der Buchung<\/h5>\n<ul class=\"ol1\">\n<li class=\"li2\"><span class=\"s1\">Im Falle einer Buchungsstornierung gelten die folgenden Bedingungen:<\/span><\/li>\n<\/ul>\n<ul class=\"ol1\">\n<li class=\"li2\"><span class=\"s1\">Stornierung der Buchung mehr als 14 Tage vor der Ankunft &#8211; der Gast erh\u00e4lt die volle R\u00fcckzahlung der Vorauszahlung <\/span><\/li>\n<\/ul>\n<ul class=\"ol1\">\n<li class=\"li2\"><span class=\"s1\">Stornierung der Buchung weniger als 14 Tage vor der Ankunft &#8211; Trasorka beh\u00e4lt den gesamten Betrag der Vorauszahlung ein <\/span><\/li>\n<li class=\"li6\"><span class=\"s1\"><span class=\"s1\">Der Gast muss folgende Angaben machen, um eine R\u00fcckerstattung der geleisteten Vorauszahlung zu erhalten: vollst\u00e4ndiger Vor- und Nachname der Person, die die Zahlung geleistet hat, vollst\u00e4ndige Adresse, Name der Bank, IBAN und SWIFT-Code.<\/span><\/span><\/li>\n<\/ul>\n<ul class=\"ol1\">\n<li><span class=\"s1\"><span class=\"s1\">F\u00fcr alle weiteren Informationen wenden Sie sich bitte an unsere Verkaufsabteilung unter der folgenden E-Mail Adresse: <a href=\"mailto:nevena@trasorka.com\"><br \/>\n<span class=\"s3\">nevena@trasorka.com<\/span><br \/>\n<\/a>.<\/span><\/span><\/li>\n<\/ul>\n<ul class=\"ol1\">\n<li class=\"li2\"><span class=\"s1\">TRASORKA beh\u00e4lt sich das Recht vor, eine Buchung abzulehnen, zu stornieren oder zu \u00e4ndern, wenn ein Missbrauch des Buchungssystems vorliegt oder die Buchung durch einen offensichtlichen Benutzerfehler erfolgt ist. <\/span><\/li>\n<\/ul>\n<\/div><\/div><\/div><\/div><\/div>","protected":false},"excerpt":{"rendered":"","protected":false},"author":1,"featured_media":1878,"parent":0,"menu_order":0,"comment_status":"closed","ping_status":"open","template":"","meta":{"_acf_changed":false,"_monsterinsights_skip_tracking":false,"_monsterinsights_sitenote_active":false,"_monsterinsights_sitenote_note":"","_monsterinsights_sitenote_category":0,"footnotes":""},"class_list":["post-7062","page","type-page","status-publish","has-post-thumbnail","hentry"],"acf":[],"aioseo_notices":[],"_links":{"self":[{"href":"https:\/\/trasorka.com\/hr\/wp-json\/wp\/v2\/pages\/7062","targetHints":{"allow":["GET"]}}],"collection":[{"href":"https:\/\/trasorka.com\/hr\/wp-json\/wp\/v2\/pages"}],"about":[{"href":"https:\/\/trasorka.com\/hr\/wp-json\/wp\/v2\/types\/page"}],"author":[{"embeddable":true,"href":"https:\/\/trasorka.com\/hr\/wp-json\/wp\/v2\/users\/1"}],"replies":[{"embeddable":true,"href":"https:\/\/trasorka.com\/hr\/wp-json\/wp\/v2\/comments?post=7062"}],"version-history":[{"count":0,"href":"https:\/\/trasorka.com\/hr\/wp-json\/wp\/v2\/pages\/7062\/revisions"}],"wp:featuredmedia":[{"embeddable":true,"href":"https:\/\/trasorka.com\/hr\/wp-json\/wp\/v2\/media\/1878"}],"wp:attachment":[{"href":"https:\/\/trasorka.com\/hr\/wp-json\/wp\/v2\/media?parent=7062"}],"curies":[{"name":"wp","href":"https:\/\/api.w.org\/{rel}","templated":true}]}}