{"id":7056,"date":"2022-12-27T21:01:36","date_gmt":"2022-12-27T20:01:36","guid":{"rendered":"https:\/\/trasorka.com\/?page_id=7056"},"modified":"2022-12-29T21:45:43","modified_gmt":"2022-12-29T20:45:43","slug":"booking-terms-and-conditions","status":"publish","type":"page","link":"https:\/\/trasorka.com\/it\/booking-terms-and-conditions\/","title":{"rendered":"Termini e condizioni di prenotazione"},"content":{"rendered":"<div class=\"fusion-fullwidth fullwidth-box fusion-builder-row-1 fusion-flex-container has-pattern-background has-mask-background nonhundred-percent-fullwidth non-hundred-percent-height-scrolling\" style=\"--awb-border-radius-top-left:0px;--awb-border-radius-top-right:0px;--awb-border-radius-bottom-right:0px;--awb-border-radius-bottom-left:0px;--awb-padding-right:3.5%;--awb-padding-left:3.5%;--awb-flex-wrap:wrap;\" ><div class=\"fusion-builder-row fusion-row fusion-flex-align-items-flex-start fusion-flex-justify-content-center fusion-flex-content-wrap\" style=\"max-width:1500px;margin-left: calc(-0% \/ 2 );margin-right: calc(-0% \/ 2 );\"><div class=\"fusion-layout-column fusion_builder_column fusion-builder-column-0 fusion_builder_column_1_1 1_1 fusion-flex-column\" style=\"--awb-bg-position:center center;--awb-bg-size:cover;--awb-width-large:100%;--awb-margin-top-large:2%;--awb-spacing-right-large:0%;--awb-margin-bottom-large:4%;--awb-spacing-left-large:0%;--awb-width-medium:100%;--awb-order-medium:0;--awb-spacing-right-medium:0%;--awb-spacing-left-medium:0%;--awb-width-small:100%;--awb-order-small:0;--awb-spacing-right-small:0%;--awb-spacing-left-small:0%;\"><div class=\"fusion-column-wrapper fusion-column-has-shadow fusion-flex-justify-content-flex-start fusion-content-layout-column\"><div class=\"fusion-text fusion-text-1\"><h2 class=\"p1\" style=\"text-align: center;\">TERMINI E CONDIZIONI DI PRENOTAZIONE<\/h2>\n<h5><\/h5>\n<h5 class=\"p1\">Prenotazione<\/h5>\n<ul>\n<li><span class=\"s1\">Le prenotazioni possono essere effettuate online sul nostro sito <a href=\"http:\/\/trasorka.com\/it\/\"><span class=\"s2\">pagina internet,<\/span><\/a> inviando una richiesta dalla nostra pagina Internet o inviando una richiesta diretta via e-mail.<\/span><\/li>\n<\/ul>\n<ul>\n<li><span class=\"s1\"><span class=\"s1\">TRASORKA offre ai suoi ospiti la possibilit\u00e0 di scegliere il numero esatto di unit\u00e0 abitative che soddisfano le loro esigenze. Tutte le informazioni sulla posizione esatta, le dimensioni, la luce del sole e le fotografie di ogni unit\u00e0 abitativa sono disponibili al link <a href=\"http:\/\/trasorka.com\/it\/\"><span class=\"s2\">pagina internet<\/span><\/a>.<\/span><\/span><\/li>\n<\/ul>\n<ul>\n<li><span class=\"s1\"><span class=\"s1\">Una volta inviata la richiesta, vi invieremo un'e-mail con un'offerta di prenotazione contenente le seguenti informazioni: il periodo del soggiorno e il numero dell'unit\u00e0 abitativa, i servizi prenotati, il prezzo totale, le informazioni necessarie per il pagamento anticipato e i termini di cancellazione della prenotazione. La data di scadenza dell'offerta \u00e8 indicata nell'offerta stessa. Nel caso in cui non ricevessimo una conferma del pagamento anticipato effettuato durante il periodo stabilito, la prenotazione sar\u00e0 automaticamente annullata e TRASORKA non sar\u00e0 obbligata a informare il cliente dell'annullamento dell'offerta.<\/span><\/span><\/li>\n<\/ul>\n<ul>\n<li><span class=\"s1\"><span class=\"s1\">Per confermare la prenotazione \u00e8 necessario versare l'anticipo richiesto (30% dell'intero importo). Una volta completata la fornitura dei servizi, l'importo verr\u00e0 detratto dal totale della fattura. Quando si effettua il pagamento anticipato, si prega di includere il nome del campo per il quale si sta effettuando il pagamento anticipato e il numero di prenotazione (si trova sull'offerta) nella sezione descrizione del pagamento.<\/span><\/span><\/li>\n<\/ul>\n<ul>\n<li><span class=\"s1\"><span class=\"s1\">\u00c8 possibile pagare l'anticipo tramite bonifico bancario sul nostro conto (le informazioni sul pagamento sono fornite nell'offerta). I bonifici bancari a volte richiedono diversi giorni per essere completati, quindi vi preghiamo di inviarci la conferma del pagamento una volta effettuato, in modo da poter prolungare la durata dell'offerta.<\/span><\/span><\/li>\n<\/ul>\n<ul>\n<li><span class=\"s1\"><span class=\"s1\">Una volta trasferito l'anticipo sul nostro conto, vi invieremo una conferma di prenotazione. Una volta arrivati, dovrete presentarla alla reception insieme a un documento d'identit\u00e0 valido.<\/span><\/span><\/li>\n<\/ul>\n<ul>\n<li><span class=\"s1\"><span class=\"s1\">Nel caso in cui desideriate modificare o cancellare la vostra prenotazione, vi preghiamo di contattarci al numero <a href=\"mailto:booking@trasorka.com\"><span class=\"s2\">booking@trasorka.com<\/span><\/a>.<\/span><\/span><\/li>\n<\/ul>\n<ul>\n<li><span class=\"s1\"><span class=\"s1\">La caparra \u00e8 rimborsabile fino a 14 giorni prima della data di arrivo.<\/span><\/span><\/li>\n<\/ul>\n<ul>\n<li><span class=\"s1\"><span class=\"s1\">La prenotazione \u00e8 valida esclusivamente per l'ospite il cui nome \u00e8 indicato sulla prenotazione. Le modifiche del portatore della prenotazione possono essere effettuate solo prima dell'arrivo (previo accordo con l'ufficio vendite o con la reception, in modo che le modifiche possano essere inserite nel sistema). Non \u00e8 possibile trasferire la prenotazione di un alloggio a un'altra persona durante il soggiorno.<\/span><\/span><\/li>\n<\/ul>\n<ul>\n<li><span class=\"s1\"><span class=\"s1\">Il numero massimo di persone che soggiornano \u00e8 con bambini inclusi. Il numero minimo di persone \u00e8 1 ma il prezzo \u00e8 lo stesso.<\/span><\/span><\/li>\n<\/ul>\n<ul>\n<li><span class=\"s1\">Il calcolo finale per i servizi resi sar\u00e0 effettuato alla reception prima dell'arrivo.<\/span><\/li>\n<\/ul>\n<h5><\/h5>\n<h5 class=\"p5\">Arrivo e partenza<\/h5>\n<ul class=\"ol1\">\n<li class=\"li2\"><span class=\"s1\"> Durante la stagione, gli arrivi e le partenze sono possibili in qualsiasi giorno.<\/span><\/li>\n<\/ul>\n<ul class=\"ol1\">\n<li class=\"li2\"><span class=\"s1\">Il soggiorno minimo durante la stagione \u00e8 di 7 giorni per le ville e le case, <\/span><\/li>\n<\/ul>\n<ul class=\"ol1\">\n<li class=\"li2\"><span class=\"s1\">Il soggiorno minimo durante la stagione \u00e8 di 1 giorno per le tende Glamping e le case mobili, ma si ottiene lo sconto 50% per 2 o pi\u00f9 giorni.<\/span><\/li>\n<\/ul>\n<ul class=\"ol1\">\n<li class=\"li2\"><span class=\"s1\">Gli alloggi prenotati sono disponibili dalle ore 15:00 del giorno di arrivo. Si prega di controllare l'inventario durante la presa in consegna dell'alloggio.\u00a0<\/span><\/li>\n<\/ul>\n<ul class=\"ol1\">\n<li class=\"li2\"><span class=\"s1\">Al momento della partenza, l'ospite deve lasciare la casa mobile e fare il check-out alla reception entro e non oltre le ore 10:00. In caso contrario, l'ospite ha il diritto di addebitare un'ulteriore giornata. In caso contrario, il campeggio ha il diritto di addebitare un giorno in pi\u00f9.<\/span><\/li>\n<\/ul>\n<ul class=\"ol1\">\n<li class=\"li2\"><span class=\"s1\">Il giorno dell'arrivo, terremo l'unit\u00e0 abitativa fino a mezzanotte. In caso di arrivo tardivo, siete pregati di contattare la reception del campeggio entro le ore 20:00, al pi\u00f9 tardi il giorno di arrivo previsto.<\/span><\/li>\n<\/ul>\n<ul class=\"ol1\">\n<li class=\"li2\"><b><\/b><span class=\"s1\"><b>In caso di partenza anticipata, l'ospite dovr\u00e0 pagare il costo dell'unit\u00e0 abitativa fino al giorno di partenza prenotato.\u00a0<\/b><\/span><\/li>\n<\/ul>\n<h5><\/h5>\n<h5 class=\"p5\">Cancellazione della prenotazione<\/h5>\n<ul class=\"ol1\">\n<li class=\"li2\"><span class=\"s1\">In caso di cancellazione della prenotazione verranno applicate le seguenti condizioni:<\/span><\/li>\n<\/ul>\n<ul class=\"ol1\">\n<li class=\"li2\"><span class=\"s1\">Cancellazione della prenotazione oltre 14 giorni prima dell'arrivo - l'ospite ricever\u00e0 il rimborso completo dell'anticipo versato.\u00a0<\/span><\/li>\n<\/ul>\n<ul class=\"ol1\">\n<li class=\"li2\"><span class=\"s1\">Cancellazione della prenotazione meno di 14 giorni prima dell'arrivo - Trasorka tratterr\u00e0 l'intero importo del pagamento anticipato.\u00a0<\/span><\/li>\n<li class=\"li6\"><span class=\"s1\"><span class=\"s1\">Per ottenere il rimborso dell'anticipo versato, l'ospite deve fornire le seguenti informazioni: nome e cognome completo della persona che ha effettuato il pagamento, indirizzo completo, nome della banca, codice IBAN e SWIFT.<\/span><\/span><\/li>\n<\/ul>\n<ul class=\"ol1\">\n<li><span class=\"s1\"><span class=\"s1\">Per tutte le informazioni aggiuntive si prega di contattare il nostro ufficio vendite al seguente indirizzo e-mail: <a href=\"mailto:nevena@trasorka.com\"><span class=\"s3\">nevena@trasorka.com<\/span><\/a>.<\/span><\/span><\/li>\n<\/ul>\n<ul class=\"ol1\">\n<li class=\"li2\"><span class=\"s1\">TRASORKA si riserva il diritto di rifiutare, cancellare o modificare una prenotazione in caso di uso improprio del sistema di prenotazione o di un evidente errore dell'utente.\u00a0<\/span><\/li>\n<\/ul>\n<\/div><\/div><\/div><\/div><\/div>","protected":false},"excerpt":{"rendered":"","protected":false},"author":1,"featured_media":744,"parent":0,"menu_order":0,"comment_status":"closed","ping_status":"open","template":"","meta":{"_acf_changed":false,"_monsterinsights_skip_tracking":false,"_monsterinsights_sitenote_active":false,"_monsterinsights_sitenote_note":"","_monsterinsights_sitenote_category":0,"footnotes":""},"class_list":["post-7056","page","type-page","status-publish","has-post-thumbnail","hentry"],"acf":[],"aioseo_notices":[],"_links":{"self":[{"href":"https:\/\/trasorka.com\/it\/wp-json\/wp\/v2\/pages\/7056","targetHints":{"allow":["GET"]}}],"collection":[{"href":"https:\/\/trasorka.com\/it\/wp-json\/wp\/v2\/pages"}],"about":[{"href":"https:\/\/trasorka.com\/it\/wp-json\/wp\/v2\/types\/page"}],"author":[{"embeddable":true,"href":"https:\/\/trasorka.com\/it\/wp-json\/wp\/v2\/users\/1"}],"replies":[{"embeddable":true,"href":"https:\/\/trasorka.com\/it\/wp-json\/wp\/v2\/comments?post=7056"}],"version-history":[{"count":0,"href":"https:\/\/trasorka.com\/it\/wp-json\/wp\/v2\/pages\/7056\/revisions"}],"wp:featuredmedia":[{"embeddable":true,"href":"https:\/\/trasorka.com\/it\/wp-json\/wp\/v2\/media\/744"}],"wp:attachment":[{"href":"https:\/\/trasorka.com\/it\/wp-json\/wp\/v2\/media?parent=7056"}],"curies":[{"name":"wp","href":"https:\/\/api.w.org\/{rel}","templated":true}]}}