{"id":7062,"date":"2022-12-27T21:01:36","date_gmt":"2022-12-27T20:01:36","guid":{"rendered":"https:\/\/trasorka.com\/buchungsbedingungen-und-konditionen\/"},"modified":"2022-12-29T02:03:45","modified_gmt":"2022-12-29T01:03:45","slug":"buchungsbedingungen-und-konditionen","status":"publish","type":"page","link":"https:\/\/trasorka.com\/it\/buchungsbedingungen-und-konditionen\/","title":{"rendered":"Requisiti e condizioni di acquisto"},"content":{"rendered":"<div class=\"fusion-fullwidth fullwidth-box fusion-builder-row-1 fusion-flex-container has-pattern-background has-mask-background nonhundred-percent-fullwidth non-hundred-percent-height-scrolling\" style=\"--awb-border-radius-top-left:0px;--awb-border-radius-top-right:0px;--awb-border-radius-bottom-right:0px;--awb-border-radius-bottom-left:0px;--awb-padding-right:3.5%;--awb-padding-left:3.5%;--awb-flex-wrap:wrap;\" ><div class=\"fusion-builder-row fusion-row fusion-flex-align-items-flex-start fusion-flex-justify-content-center fusion-flex-content-wrap\" style=\"max-width:1500px;margin-left: calc(-0% \/ 2 );margin-right: calc(-0% \/ 2 );\"><div class=\"fusion-layout-column fusion_builder_column fusion-builder-column-0 fusion_builder_column_1_1 1_1 fusion-flex-column\" style=\"--awb-bg-position:center center;--awb-bg-size:cover;--awb-width-large:100%;--awb-margin-top-large:2%;--awb-spacing-right-large:0%;--awb-margin-bottom-large:4%;--awb-spacing-left-large:0%;--awb-width-medium:100%;--awb-order-medium:0;--awb-spacing-right-medium:0%;--awb-spacing-left-medium:0%;--awb-width-small:100%;--awb-order-small:0;--awb-spacing-right-small:0%;--awb-spacing-left-small:0%;\"><div class=\"fusion-column-wrapper fusion-column-has-shadow fusion-flex-justify-content-flex-start fusion-content-layout-column\"><div class=\"fusion-text fusion-text-1\"><h2 class=\"p1\" style=\"text-align: center;\">REQUISITI E CONDIZIONI D'ACQUISTO<\/h2>\n<h5><\/h5>\n<h5 class=\"p1\">Buchung<\/h5>\n<ul>\n<li><span class=\"s1\">Le pubblicazioni possono essere effettuate online su unserer <a href=\"http:\/\/trasorka.com\/it\/\"><br \/>\n<span class=\"s2\">Sito Internet,<\/span><br \/>\n<\/a> tramite l'invio di un'offerta dal nostro sito Internet o tramite l'invio di un'offerta diretta per e-mail.<\/span><\/li>\n<\/ul>\n<ul>\n<li><span class=\"s1\"><span class=\"s1\">TRASORKA offre ai suoi clienti la possibilit\u00e0 di scegliere tra un'ampia gamma di appartamenti che rispondono alle loro esigenze. Tutte le informazioni sull'ubicazione, le finiture, l'esposizione al sole e le foto delle singole abitazioni sono disponibili sul sito <a href=\"http:\/\/trasorka.com\/it\/\"><br \/>\n<span class=\"s2\">Sito Internet<\/span><br \/>\n<\/a>.<\/span><\/span><\/li>\n<\/ul>\n<ul>\n<li><span class=\"s1\"><span class=\"s1\">Nach dem Absenden Ihrer Anfrage erhalten Sie von uns per E-Mail ein Buchungsangebot, das folgende Informationen enth\u00e4lt: den Zeitraum Ihres Aufenthalts und die Nummer der Wohneinheit, die gebuchten Leistungen, den Gesamtpreis, die f\u00fcr die Vorauszahlung erforderlichen Angaben und die Stornierungsbedingungen der Buchung. L'Ablaufdatum degli Angebots \u00e8 indicato nell'Angebot. Se non riusciamo a ottenere una Best\u00e4tigung per la cancellazione dei dati personali all'interno della data di scadenza, la pubblicazione sar\u00e0 automaticamente bloccata e TRASORKA non sar\u00e0 in grado di informare il Gast in merito alla cancellazione degli Angebots.<\/span><\/span><\/li>\n<\/ul>\n<ul>\n<li><span class=\"s1\"><span class=\"s1\">Per ottenere la migliore esecuzione del contratto, \u00e8 necessario che la Vorauszahlung richiesta venga stabilita (30% di Gesamtbetrags). Se la raccolta delle richieste di rimborso \u00e8 stata interrotta, la raccolta viene interrotta dal sistema di gestione. In caso di pagamento anticipato, si prega di indicare il nome del campo, per il quale si richiede il pagamento anticipato, e il numero di serie (che si trova sull'Angebot) sotto il titolo Zahlungsbeschreibung.<\/span><\/span><\/li>\n<\/ul>\n<ul>\n<li><span class=\"s1\"><span class=\"s1\">\u00c8 possibile ricevere la somma da pagare per la transazione sul nostro conto corrente (le informazioni sulla transazione si trovano nell'Angebot). Le Bank\u00fcberweisungen devono avere almeno tre giorni di tempo, per poter essere interrotte. Inviate a noi la Zahlungsbest\u00e4tigung, in modo tale che possiate ricevere il denaro per il periodo di validit\u00e0 dell'Angebot.<\/span><\/span><\/li>\n<\/ul>\n<ul>\n<li><span class=\"s1\"><span class=\"s1\">Se il pagamento viene effettuato sul nostro conto corrente, inviamo a Ihnen una lettera di accompagnamento. In caso di necessit\u00e0, la preghiamo di allegare un documento di accompagnamento di qualit\u00e0 alla richiesta di rimborso.<\/span><\/span><\/li>\n<\/ul>\n<ul>\n<li><span class=\"s1\"><span class=\"s1\">Se desiderate interrompere o interrompere la vostra ricerca, contattateci all'indirizzo <a href=\"mailto:booking@trasorka.com\"><br \/>\n<span class=\"s2\">booking@trasorka.com<\/span><br \/>\n<\/a>.<\/span><\/span><\/li>\n<\/ul>\n<ul>\n<li><span class=\"s1\"><span class=\"s1\">La cauzione pu\u00f2 essere applicata fino a 14 giorni dopo l'Anreisedatum.<\/span><\/span><\/li>\n<\/ul>\n<ul>\n<li><span class=\"s1\"><span class=\"s1\">La pubblicazione \u00e8 adatta anche all'acquirente, il cui nome \u00e8 riportato sulla pubblicazione. Le modifiche dei Buchungstr\u00e4ger possono essere apportate solo dopo l'acquisto (in seguito ad una verifica con la Verkaufsabteilung o la Rezeption, per cui le modifiche nel sistema possono essere apportate). Non \u00e8 possibile trasferire la documentazione di un appartamento a un'altra persona durante il viaggio.<\/span><\/span><\/li>\n<\/ul>\n<ul>\n<li><span class=\"s1\"><span class=\"s1\">Il numero massimo di persone \u00e8 con bambini. Il numero minimo di persone \u00e8 1, ma il prezzo \u00e8 diverso.<\/span><\/span><\/li>\n<\/ul>\n<ul>\n<li><span class=\"s1\">Il rimborso finale per le spese sostenute sar\u00e0 effettuato in occasione di una verifica dopo l'acquisto.<\/span><\/li>\n<\/ul>\n<h5><\/h5>\n<h5 class=\"p5\">Arrivo e partenza<\/h5>\n<ul class=\"ol1\">\n<li class=\"li2\"><span class=\"s1\"> Durante la stagione \u00e8 possibile effettuare visite e spostamenti ogni giorno.<\/span><\/li>\n<\/ul>\n<ul class=\"ol1\">\n<li class=\"li2\"><span class=\"s1\">Il Mindestaufenthalt durante la stagione \u00e8 di 7 giorni per villaggi e case, <\/span><\/li>\n<\/ul>\n<ul class=\"ol1\">\n<li class=\"li2\"><span class=\"s1\">La tariffa di soggiorno durante la stagione \u00e8 pari a 1 tag per le strutture da campeggio e le strutture mobili, ma per 2 o pi\u00f9 giorni si riceve una tariffa di 50%.<\/span><\/li>\n<\/ul>\n<ul class=\"ol1\">\n<li class=\"li2\"><span class=\"s1\">Le offerte di acquisto sono disponibili a partire dalle ore 15:00 del giorno dell'inaugurazione. Si prega di contattare l'inventore durante la presentazione dell'offerta. <\/span><\/li>\n<\/ul>\n<ul class=\"ol1\">\n<li class=\"li2\"><span class=\"s1\">Con l'arrivo, l'ospite deve verificare il Mobilheim e controllare fino alle 10:00 del mattino la prenotazione. Andernfalls hat das Camp das Recht, einen zus\u00e4tzlichen Tag in Rechnung zu stellen.<\/span><\/li>\n<\/ul>\n<ul class=\"ol1\">\n<li class=\"li2\"><span class=\"s1\">Nel giorno dell'arrivo, la nostra casa \u00e8 in funzione fino a Mitternacht. Se vi trovate in una situazione di disagio, vi invitiamo a recarvi fino alle 20:00 presso la reception del campo, per conoscere il motivo del vostro soggiorno.<\/span><\/li>\n<\/ul>\n<ul class=\"ol1\">\n<li class=\"li2\"><b><\/b><span class=\"s1\"><b>Nel caso di un'escursione estiva, l'albergatore deve pagare i costi per l'alloggio fino al momento dell'iscrizione. <\/b><\/span><\/li>\n<\/ul>\n<h5><\/h5>\n<h5 class=\"p5\">Stornierung der Buchung<\/h5>\n<ul class=\"ol1\">\n<li class=\"li2\"><span class=\"s1\">Nel caso di una Buchungsstornierung, sono disponibili le seguenti informazioni:<\/span><\/li>\n<\/ul>\n<ul class=\"ol1\">\n<li class=\"li2\"><span class=\"s1\">Stornierung der Buchung mehr als 14 Tage vor der Ankunft - der Gast erh\u00e4lt die volle R\u00fcckzahlung der Vorauszahlung <\/span><\/li>\n<\/ul>\n<ul class=\"ol1\">\n<li class=\"li2\"><span class=\"s1\">Stornierung der Buchung weniger als 14 Tage vor der Ankunft - Trasorka beh\u00e4lt den gesamten Betrag der Vorauszahlung ein <\/span><\/li>\n<li class=\"li6\"><span class=\"s1\"><span class=\"s1\">Il Gast deve fornire i seguenti dati, per ottenere una valutazione della somma di denaro indicata: nome e cognome della persona che ha indicato la somma di denaro, indirizzo completo, nome della banca, codice IBAN e codice SWIFT.<\/span><\/span><\/li>\n<\/ul>\n<ul class=\"ol1\">\n<li><span class=\"s1\"><span class=\"s1\">Per tutte le altre informazioni, si prega di rivolgersi al nostro ufficio di assistenza tecnica al seguente indirizzo e-mail: <a href=\"mailto:nevena@trasorka.com\"><br \/>\n<span class=\"s3\">nevena@trasorka.com<\/span><br \/>\n<\/a>.<\/span><\/span><\/li>\n<\/ul>\n<ul class=\"ol1\">\n<li class=\"li2\"><span class=\"s1\">TRASORKA si riserva il diritto di abusare di una Buchung, di stornarla o di interromperla, qualora si verifichi un errore nel sistema di Buchung o la Buchung sia stata eseguita da un operatore offensivo. <\/span><\/li>\n<\/ul>\n<\/div><\/div><\/div><\/div><\/div>","protected":false},"excerpt":{"rendered":"","protected":false},"author":1,"featured_media":1878,"parent":0,"menu_order":0,"comment_status":"closed","ping_status":"open","template":"","meta":{"_acf_changed":false,"_monsterinsights_skip_tracking":false,"_monsterinsights_sitenote_active":false,"_monsterinsights_sitenote_note":"","_monsterinsights_sitenote_category":0,"footnotes":""},"class_list":["post-7062","page","type-page","status-publish","has-post-thumbnail","hentry"],"acf":[],"aioseo_notices":[],"_links":{"self":[{"href":"https:\/\/trasorka.com\/it\/wp-json\/wp\/v2\/pages\/7062","targetHints":{"allow":["GET"]}}],"collection":[{"href":"https:\/\/trasorka.com\/it\/wp-json\/wp\/v2\/pages"}],"about":[{"href":"https:\/\/trasorka.com\/it\/wp-json\/wp\/v2\/types\/page"}],"author":[{"embeddable":true,"href":"https:\/\/trasorka.com\/it\/wp-json\/wp\/v2\/users\/1"}],"replies":[{"embeddable":true,"href":"https:\/\/trasorka.com\/it\/wp-json\/wp\/v2\/comments?post=7062"}],"version-history":[{"count":0,"href":"https:\/\/trasorka.com\/it\/wp-json\/wp\/v2\/pages\/7062\/revisions"}],"wp:featuredmedia":[{"embeddable":true,"href":"https:\/\/trasorka.com\/it\/wp-json\/wp\/v2\/media\/1878"}],"wp:attachment":[{"href":"https:\/\/trasorka.com\/it\/wp-json\/wp\/v2\/media?parent=7062"}],"curies":[{"name":"wp","href":"https:\/\/api.w.org\/{rel}","templated":true}]}}